{"id":987508403,"date":"2025-11-18T11:01:57","date_gmt":"2025-11-18T11:01:57","guid":{"rendered":"https:\/\/www.comet.com.tn\/?page_id=987508403"},"modified":"2026-01-19T15:34:51","modified_gmt":"2026-01-19T15:34:51","slug":"comet-burkina-faso","status":"publish","type":"page","link":"https:\/\/comet.com.tn\/en\/notre-reseau\/comet-burkina-faso\/","title":{"rendered":"COMET Burkina Faso"},"content":{"rendered":"<p>[et_pb_section fb_built=\u00a0\u00bb1&Prime; _builder_version=\u00a0\u00bb4.27.2&Prime; _module_preset=\u00a0\u00bbdefault\u00a0\u00bb use_background_color_gradient=\u00a0\u00bbon\u00a0\u00bb background_color_gradient_direction=\u00a0\u00bb136deg\u00a0\u00bb background_color_gradient_stops=\u00a0\u00bb#000000 0%|rgba(255,255,255,0) 100%\u00a0\u00bb background_color_gradient_overlays_image=\u00a0\u00bbon\u00a0\u00bb background_image=\u00a0\u00bbhttps:\/\/www.comet.com.tn\/wp-content\/uploads\/2025\/11\/137928-1-1-scaled.webp\u00a0\u00bb parallax=\u00a0\u00bbon\u00a0\u00bb custom_margin=\u00a0\u00bb||||false|false\u00a0\u00bb custom_padding=\u00a0\u00bb100px||100px||true|false\u00a0\u00bb locked=\u00a0\u00bboff\u00a0\u00bb global_colors_info=\u00a0\u00bb{}\u00a0\u00bb][et_pb_row make_equal=\u00a0\u00bbon\u00a0\u00bb _builder_version=\u00a0\u00bb4.27.3&Prime; _module_preset=\u00a0\u00bbdefault\u00a0\u00bb custom_margin=\u00a0\u00bb||||false|false\u00a0\u00bb custom_padding=\u00a0\u00bb||||false|false\u00a0\u00bb global_colors_info=\u00a0\u00bb{}\u00a0\u00bb][et_pb_column type=\u00a0\u00bb4_4&Prime; _builder_version=\u00a0\u00bb4.27.2&Prime; _module_preset=\u00a0\u00bbdefault\u00a0\u00bb global_colors_info=\u00a0\u00bb{}\u00a0\u00bb][et_pb_text _builder_version=\u00a0\u00bb4.27.2&Prime; _module_preset=\u00a0\u00bbdefault\u00a0\u00bb header_font=\u00a0\u00bbSpace Grotesk|700|||||||\u00a0\u00bb header_text_color=\u00a0\u00bb#FFFFFF\u00a0\u00bb header_font_size=\u00a0\u00bb55px\u00a0\u00bb width=\u00a0\u00bb100%\u00a0\u00bb module_alignment=\u00a0\u00bbleft\u00a0\u00bb custom_padding=\u00a0\u00bb||||false|false\u00a0\u00bb locked=\u00a0\u00bboff\u00a0\u00bb global_colors_info=\u00a0\u00bb{}\u00a0\u00bb]<\/p>\n<h1>COMET Burkina-Faso<\/h1>\n<p>[\/et_pb_text][lwp_divi_breadcrumbs home_text=\u00a0\u00bbAccueil\u00a0\u00bb use_custom_home_link=\u00a0\u00bboff\u00a0\u00bb link_color=\u00a0\u00bb#FFFFFF\u00a0\u00bb separator_color=\u00a0\u00bb#ea5501&Prime; current_text_color=\u00a0\u00bb#EA5501&Prime; _builder_version=\u00a0\u00bb4.27.3&Prime; _module_preset=\u00a0\u00bbdefault\u00a0\u00bb module_font=\u00a0\u00bbSpace Grotesk||||||||\u00a0\u00bb module_font_size=\u00a0\u00bb18px\u00a0\u00bb module_line_height=\u00a0\u00bb2.5em\u00a0\u00bb width=\u00a0\u00bb100%\u00a0\u00bb module_alignment=\u00a0\u00bbright\u00a0\u00bb locked=\u00a0\u00bboff\u00a0\u00bb global_colors_info=\u00a0\u00bb{}\u00a0\u00bb][\/lwp_divi_breadcrumbs][\/et_pb_column][\/et_pb_row][\/et_pb_section][et_pb_section fb_built=\u00a0\u00bb1&Prime; _builder_version=\u00a0\u00bb4.27.2&Prime; _module_preset=\u00a0\u00bbdefault\u00a0\u00bb use_background_color_gradient=\u00a0\u00bbon\u00a0\u00bb background_color_gradient_stops=\u00a0\u00bb#ffffff 0%|#ebebed 100%\u00a0\u00bb custom_css_free_form=\u00a0\u00bb@media (max-width: 980px) {||  .et_pb_section {||        padding: 10px 0;||    }||}  \u00a0\u00bb locked=\u00a0\u00bboff\u00a0\u00bb global_colors_info=\u00a0\u00bb{}\u00a0\u00bb][et_pb_row column_structure=\u00a0\u00bb2_5,3_5&Prime; make_equal=\u00a0\u00bbon\u00a0\u00bb _builder_version=\u00a0\u00bb4.27.2&Prime; _module_preset=\u00a0\u00bbdefault\u00a0\u00bb animation_style=\u00a0\u00bbzoom\u00a0\u00bb animation_intensity_zoom=\u00a0\u00bb8%\u00a0\u00bb custom_css_main_element=\u00a0\u00bb   align-items: center;  \u00a0\u00bb global_colors_info=\u00a0\u00bb{}\u00a0\u00bb][et_pb_column type=\u00a0\u00bb2_5&Prime; _builder_version=\u00a0\u00bb4.27.2&Prime; _module_preset=\u00a0\u00bbdefault\u00a0\u00bb global_colors_info=\u00a0\u00bb{}\u00a0\u00bb][et_pb_image src=\u00a0\u00bbhttps:\/\/www.comet.com.tn\/wp-content\/uploads\/2025\/11\/brkn-fso.webp\u00a0\u00bb _builder_version=\u00a0\u00bb4.27.2&Prime; _module_preset=\u00a0\u00bbdefault\u00a0\u00bb border_radii=\u00a0\u00bboff||4px|4px|40px\u00a0\u00bb border_width_left=\u00a0\u00bb6px\u00a0\u00bb border_color_left=\u00a0\u00bb#EA5501&Prime; global_colors_info=\u00a0\u00bb{}\u00a0\u00bb][\/et_pb_image][\/et_pb_column][et_pb_column type=\u00a0\u00bb3_5&Prime; _builder_version=\u00a0\u00bb4.27.2&Prime; _module_preset=\u00a0\u00bbdefault\u00a0\u00bb global_colors_info=\u00a0\u00bb{}\u00a0\u00bb][et_pb_text _builder_version=\u00a0\u00bb4.27.2&Prime; _module_preset=\u00a0\u00bbdefault\u00a0\u00bb text_font=\u00a0\u00bbRoboto|300|||||||\u00a0\u00bb text_text_color=\u00a0\u00bb#000000&Prime; text_font_size=\u00a0\u00bb18px\u00a0\u00bb text_line_height=\u00a0\u00bb1.5em\u00a0\u00bb header_3_font=\u00a0\u00bbSpace Grotesk|600|||||||\u00a0\u00bb header_3_text_color=\u00a0\u00bb#000000&Prime; header_3_font_size=\u00a0\u00bb40px\u00a0\u00bb header_3_line_height=\u00a0\u00bb1.5em\u00a0\u00bb width=\u00a0\u00bb100%\u00a0\u00bb max_width=\u00a0\u00bb95%\u00a0\u00bb global_colors_info=\u00a0\u00bb{}\u00a0\u00bb]<\/p>\n<p>Repr\u00e9sent\u00e9e par une \u00e9quipe commerciale sur terrain, COMET Burkina Faso assure la distribution de tous types de semi-remorques plateaux, bennes, citernes &amp; porte-engins ainsi que les diff\u00e9rents \u00e9quipements sur porteur COMET.<\/p>\n<p>[\/et_pb_text][et_pb_text _builder_version=\u00a0\u00bb4.27.2&Prime; _module_preset=\u00a0\u00bbdefault\u00a0\u00bb text_font=\u00a0\u00bb&#8211;et_global_heading_font|500|||||||\u00a0\u00bb text_text_color=\u00a0\u00bb#000000&Prime; text_font_size=\u00a0\u00bb17px\u00a0\u00bb text_line_height=\u00a0\u00bb1.4em\u00a0\u00bb header_2_font=\u00a0\u00bb&#8211;et_global_heading_font|700|||||||\u00a0\u00bb header_2_font_size=\u00a0\u00bb20px\u00a0\u00bb width=\u00a0\u00bb93%\u00a0\u00bb global_colors_info=\u00a0\u00bb{}\u00a0\u00bb]<\/p>\n<h2>LES COORDONN\u00c9ES COMET BURKINA-FASO<\/h2>\n<p><strong><\/strong><\/p>\n<p><strong>T\u00e9l :\u00a0<\/strong><a href=\"tel:+266%2077 749 869\">+266 77 749 869<\/a><br \/><strong>Email :<\/strong> <a href=\"mailto:comet.burkina-faso@comet.com.tn\">comet.burkina-faso@comet.com.tn<\/a><\/p>\n<p>[\/et_pb_text][\/et_pb_column][\/et_pb_row][\/et_pb_section]<\/p>\n","protected":false},"excerpt":{"rendered":"<p>COMET Burkina-Faso<div class=\"et_pb_module lwp_divi_breadcrumbs lwp_divi_breadcrumbs_0\">\n\t\t\t\t\n\t\t\t\t\n\t\t\t\t\n\t\t\t\t\n\t\t\t\t\n\t\t\t\t\n\t\t\t\t<div class=\"et_pb_module_inner\">\n\t\t\t\t\t<div class=\"lwp-breadcrumbs\"> <span class=\"before\"><\/span> <span vocab=\"https:\/\/schema.org\/\" typeof=\"BreadcrumbList\"><span property=\"itemListElement\" typeof=\"ListItem\"><a property=\"item\" typeof=\"WebPage\" href=\"https:\/\/comet.com.tn\/en\/\" class=\"home\"><span property=\"name\">Accueil<\/span><\/a><meta property=\"position\" content=\"1\"><\/span> <span class=\"separator et-pb-icon\">&#x39;<\/span> <\/span><\/div>\n\t\t\t\t<\/div>\n\t\t\t<\/div>Repr\u00e9sent\u00e9e par une \u00e9quipe commerciale sur terrain, COMET Burkina Faso assure la distribution de tous types de semi-remorques plateaux, bennes, citernes &amp; porte-engins ainsi que les diff\u00e9rents \u00e9quipements sur porteur COMET.LES COORDONN\u00c9ES COMET BURKINA-FASO T\u00e9l :\u00a0+266 77 749 869Email [&hellip;]<\/p>\n","protected":false},"author":1,"featured_media":0,"parent":987508264,"menu_order":0,"comment_status":"closed","ping_status":"closed","template":"","meta":{"_et_pb_use_builder":"on","_et_pb_old_content":"","_et_gb_content_width":"","footnotes":""},"class_list":["post-987508403","page","type-page","status-publish","hentry"],"yoast_head":"<!-- This site is optimized with the Yoast SEO plugin v27.4 - https:\/\/yoast.com\/product\/yoast-seo-wordpress\/ -->\n<title>semi-remorques au Burkina-Faso | COMET Burkina Faso | semi-remorques COMET<\/title>\n<meta name=\"description\" content=\"COMET assure la distribution de tous types de semi-remorques au Burkina-Faso : semi-remorques Benne, semi-remorques Plateau, semi-remorques Citerne, semi-remorques Porte-engins et \u00e9quipements sur porteur.\" \/>\n<meta name=\"robots\" content=\"index, follow, max-snippet:-1, max-image-preview:large, max-video-preview:-1\" \/>\n<link rel=\"canonical\" href=\"https:\/\/comet.com.tn\/en\/our-network\/comet-burkina-faso\/\" \/>\n<meta property=\"og:locale\" content=\"en_US\" \/>\n<meta property=\"og:type\" content=\"article\" \/>\n<meta property=\"og:title\" content=\"semi-remorques au Burkina-Faso | COMET Burkina Faso | semi-remorques COMET\" \/>\n<meta property=\"og:description\" content=\"COMET assure la distribution de tous types de semi-remorques au Burkina-Faso : semi-remorques Benne, semi-remorques Plateau, semi-remorques Citerne, semi-remorques Porte-engins et \u00e9quipements sur porteur.\" \/>\n<meta property=\"og:url\" content=\"https:\/\/comet.com.tn\/en\/our-network\/comet-burkina-faso\/\" \/>\n<meta property=\"og:site_name\" content=\"comet\" \/>\n<meta property=\"article:modified_time\" content=\"2026-01-19T15:34:51+00:00\" \/>\n<meta name=\"twitter:card\" content=\"summary_large_image\" \/>\n<meta name=\"twitter:label1\" content=\"Est. reading time\" \/>\n\t<meta name=\"twitter:data1\" content=\"1 minute\" \/>\n<script type=\"application\/ld+json\" class=\"yoast-schema-graph\">{\"@context\":\"https:\\\/\\\/schema.org\",\"@graph\":[{\"@type\":\"WebPage\",\"@id\":\"https:\\\/\\\/comet.com.tn\\\/en\\\/notre-reseau\\\/comet-burkina-faso\\\/\",\"url\":\"https:\\\/\\\/comet.com.tn\\\/en\\\/notre-reseau\\\/comet-burkina-faso\\\/\",\"name\":\"semi-remorques au Burkina-Faso | COMET Burkina Faso | semi-remorques COMET\",\"isPartOf\":{\"@id\":\"https:\\\/\\\/comet.com.tn\\\/en\\\/#website\"},\"datePublished\":\"2025-11-18T11:01:57+00:00\",\"dateModified\":\"2026-01-19T15:34:51+00:00\",\"description\":\"COMET assure la distribution de tous types de semi-remorques au Burkina-Faso : semi-remorques Benne, semi-remorques Plateau, semi-remorques Citerne, semi-remorques Porte-engins et \u00e9quipements sur porteur.\",\"breadcrumb\":{\"@id\":\"https:\\\/\\\/comet.com.tn\\\/en\\\/notre-reseau\\\/comet-burkina-faso\\\/#breadcrumb\"},\"inLanguage\":\"en-US\",\"potentialAction\":[{\"@type\":\"ReadAction\",\"target\":[\"https:\\\/\\\/comet.com.tn\\\/en\\\/notre-reseau\\\/comet-burkina-faso\\\/\"]}]},{\"@type\":\"BreadcrumbList\",\"@id\":\"https:\\\/\\\/comet.com.tn\\\/en\\\/notre-reseau\\\/comet-burkina-faso\\\/#breadcrumb\",\"itemListElement\":[{\"@type\":\"ListItem\",\"position\":1,\"name\":\"Accueil\",\"item\":\"https:\\\/\\\/comet.com.tn\\\/en\\\/\"},{\"@type\":\"ListItem\",\"position\":2,\"name\":\"COMET Burkina-Faso\"}]},{\"@type\":\"WebSite\",\"@id\":\"https:\\\/\\\/comet.com.tn\\\/en\\\/#website\",\"url\":\"https:\\\/\\\/comet.com.tn\\\/en\\\/\",\"name\":\"comet\",\"description\":\"\",\"potentialAction\":[{\"@type\":\"SearchAction\",\"target\":{\"@type\":\"EntryPoint\",\"urlTemplate\":\"https:\\\/\\\/comet.com.tn\\\/en\\\/?s={search_term_string}\"},\"query-input\":{\"@type\":\"PropertyValueSpecification\",\"valueRequired\":true,\"valueName\":\"search_term_string\"}}],\"inLanguage\":\"en-US\"}]}<\/script>\n<!-- \/ Yoast SEO plugin. -->","yoast_head_json":{"title":"semi-remorques au Burkina-Faso | COMET Burkina Faso | semi-remorques COMET","description":"COMET assure la distribution de tous types de semi-remorques au Burkina-Faso : semi-remorques Benne, semi-remorques Plateau, semi-remorques Citerne, semi-remorques Porte-engins et \u00e9quipements sur porteur.","robots":{"index":"index","follow":"follow","max-snippet":"max-snippet:-1","max-image-preview":"max-image-preview:large","max-video-preview":"max-video-preview:-1"},"canonical":"https:\/\/comet.com.tn\/en\/our-network\/comet-burkina-faso\/","og_locale":"en_US","og_type":"article","og_title":"semi-remorques au Burkina-Faso | COMET Burkina Faso | semi-remorques COMET","og_description":"COMET assure la distribution de tous types de semi-remorques au Burkina-Faso : semi-remorques Benne, semi-remorques Plateau, semi-remorques Citerne, semi-remorques Porte-engins et \u00e9quipements sur porteur.","og_url":"https:\/\/comet.com.tn\/en\/our-network\/comet-burkina-faso\/","og_site_name":"comet","article_modified_time":"2026-01-19T15:34:51+00:00","twitter_card":"summary_large_image","twitter_misc":{"Est. reading time":"1 minute"},"schema":{"@context":"https:\/\/schema.org","@graph":[{"@type":"WebPage","@id":"https:\/\/comet.com.tn\/en\/notre-reseau\/comet-burkina-faso\/","url":"https:\/\/comet.com.tn\/en\/notre-reseau\/comet-burkina-faso\/","name":"semi-remorques au Burkina-Faso | COMET Burkina Faso | semi-remorques COMET","isPartOf":{"@id":"https:\/\/comet.com.tn\/en\/#website"},"datePublished":"2025-11-18T11:01:57+00:00","dateModified":"2026-01-19T15:34:51+00:00","description":"COMET assure la distribution de tous types de semi-remorques au Burkina-Faso : semi-remorques Benne, semi-remorques Plateau, semi-remorques Citerne, semi-remorques Porte-engins et \u00e9quipements sur porteur.","breadcrumb":{"@id":"https:\/\/comet.com.tn\/en\/notre-reseau\/comet-burkina-faso\/#breadcrumb"},"inLanguage":"en-US","potentialAction":[{"@type":"ReadAction","target":["https:\/\/comet.com.tn\/en\/notre-reseau\/comet-burkina-faso\/"]}]},{"@type":"BreadcrumbList","@id":"https:\/\/comet.com.tn\/en\/notre-reseau\/comet-burkina-faso\/#breadcrumb","itemListElement":[{"@type":"ListItem","position":1,"name":"Accueil","item":"https:\/\/comet.com.tn\/en\/"},{"@type":"ListItem","position":2,"name":"COMET Burkina-Faso"}]},{"@type":"WebSite","@id":"https:\/\/comet.com.tn\/en\/#website","url":"https:\/\/comet.com.tn\/en\/","name":"comet","description":"","potentialAction":[{"@type":"SearchAction","target":{"@type":"EntryPoint","urlTemplate":"https:\/\/comet.com.tn\/en\/?s={search_term_string}"},"query-input":{"@type":"PropertyValueSpecification","valueRequired":true,"valueName":"search_term_string"}}],"inLanguage":"en-US"}]}},"_links":{"self":[{"href":"https:\/\/comet.com.tn\/en\/wp-json\/wp\/v2\/pages\/987508403","targetHints":{"allow":["GET"]}}],"collection":[{"href":"https:\/\/comet.com.tn\/en\/wp-json\/wp\/v2\/pages"}],"about":[{"href":"https:\/\/comet.com.tn\/en\/wp-json\/wp\/v2\/types\/page"}],"author":[{"embeddable":true,"href":"https:\/\/comet.com.tn\/en\/wp-json\/wp\/v2\/users\/1"}],"replies":[{"embeddable":true,"href":"https:\/\/comet.com.tn\/en\/wp-json\/wp\/v2\/comments?post=987508403"}],"version-history":[{"count":7,"href":"https:\/\/comet.com.tn\/en\/wp-json\/wp\/v2\/pages\/987508403\/revisions"}],"predecessor-version":[{"id":987509476,"href":"https:\/\/comet.com.tn\/en\/wp-json\/wp\/v2\/pages\/987508403\/revisions\/987509476"}],"up":[{"embeddable":true,"href":"https:\/\/comet.com.tn\/en\/wp-json\/wp\/v2\/pages\/987508264"}],"wp:attachment":[{"href":"https:\/\/comet.com.tn\/en\/wp-json\/wp\/v2\/media?parent=987508403"}],"curies":[{"name":"wp","href":"https:\/\/api.w.org\/{rel}","templated":true}]}}