{"id":987508514,"date":"2025-11-20T09:45:51","date_gmt":"2025-11-20T09:45:51","guid":{"rendered":"https:\/\/www.comet.com.tn\/?page_id=987508514"},"modified":"2026-01-19T15:40:51","modified_gmt":"2026-01-19T15:40:51","slug":"comet-togo","status":"publish","type":"page","link":"https:\/\/comet.com.tn\/en\/notre-reseau\/comet-togo\/","title":{"rendered":"COMET Togo"},"content":{"rendered":"<p>[et_pb_section fb_built=\u00a0\u00bb1&Prime; _builder_version=\u00a0\u00bb4.27.2&Prime; _module_preset=\u00a0\u00bbdefault\u00a0\u00bb use_background_color_gradient=\u00a0\u00bbon\u00a0\u00bb background_color_gradient_direction=\u00a0\u00bb136deg\u00a0\u00bb background_color_gradient_stops=\u00a0\u00bb#000000 0%|rgba(255,255,255,0) 100%\u00a0\u00bb background_color_gradient_overlays_image=\u00a0\u00bbon\u00a0\u00bb background_image=\u00a0\u00bbhttps:\/\/www.comet.com.tn\/wp-content\/uploads\/2025\/11\/flag-guinea-1-3-scaled.webp\u00a0\u00bb parallax=\u00a0\u00bbon\u00a0\u00bb custom_margin=\u00a0\u00bb||||false|false\u00a0\u00bb custom_padding=\u00a0\u00bb100px||100px||true|false\u00a0\u00bb locked=\u00a0\u00bboff\u00a0\u00bb global_colors_info=\u00a0\u00bb{}\u00a0\u00bb][et_pb_row make_equal=\u00a0\u00bbon\u00a0\u00bb _builder_version=\u00a0\u00bb4.27.3&Prime; _module_preset=\u00a0\u00bbdefault\u00a0\u00bb custom_margin=\u00a0\u00bb||||false|false\u00a0\u00bb custom_padding=\u00a0\u00bb||||false|false\u00a0\u00bb global_colors_info=\u00a0\u00bb{}\u00a0\u00bb][et_pb_column type=\u00a0\u00bb4_4&Prime; _builder_version=\u00a0\u00bb4.27.2&Prime; _module_preset=\u00a0\u00bbdefault\u00a0\u00bb global_colors_info=\u00a0\u00bb{}\u00a0\u00bb][et_pb_text _builder_version=\u00a0\u00bb4.27.2&Prime; _module_preset=\u00a0\u00bbdefault\u00a0\u00bb header_font=\u00a0\u00bbSpace Grotesk|700|||||||\u00a0\u00bb header_text_color=\u00a0\u00bb#FFFFFF\u00a0\u00bb header_font_size=\u00a0\u00bb55px\u00a0\u00bb width=\u00a0\u00bb100%\u00a0\u00bb module_alignment=\u00a0\u00bbleft\u00a0\u00bb custom_padding=\u00a0\u00bb||||false|false\u00a0\u00bb locked=\u00a0\u00bboff\u00a0\u00bb global_colors_info=\u00a0\u00bb{}\u00a0\u00bb]<\/p>\n<h1>COMET Togo<\/h1>\n<p>[\/et_pb_text][lwp_divi_breadcrumbs home_text=\u00a0\u00bbAccueil\u00a0\u00bb font_icon=\u00a0\u00bb&#x39;||divi||400&Prime; use_custom_home_link=\u00a0\u00bboff\u00a0\u00bb link_color=\u00a0\u00bb#FFFFFF\u00a0\u00bb separator_color=\u00a0\u00bb#ea5501&Prime; current_text_color=\u00a0\u00bb#EA5501&Prime; _builder_version=\u00a0\u00bb4.27.5&Prime; _module_preset=\u00a0\u00bbdefault\u00a0\u00bb module_font=\u00a0\u00bbSpace Grotesk||||||||\u00a0\u00bb module_font_size=\u00a0\u00bb18px\u00a0\u00bb module_line_height=\u00a0\u00bb2.5em\u00a0\u00bb width=\u00a0\u00bb100%\u00a0\u00bb module_alignment=\u00a0\u00bbright\u00a0\u00bb locked=\u00a0\u00bboff\u00a0\u00bb global_colors_info=\u00a0\u00bb{}\u00a0\u00bb][\/lwp_divi_breadcrumbs][\/et_pb_column][\/et_pb_row][\/et_pb_section][et_pb_section fb_built=\u00a0\u00bb1&Prime; _builder_version=\u00a0\u00bb4.27.2&Prime; _module_preset=\u00a0\u00bbdefault\u00a0\u00bb use_background_color_gradient=\u00a0\u00bbon\u00a0\u00bb background_color_gradient_stops=\u00a0\u00bb#ffffff 0%|#ebebed 100%\u00a0\u00bb custom_css_free_form=\u00a0\u00bb@media (max-width: 980px) {||  .et_pb_section {||        padding: 10px 0;||    }||}  \u00a0\u00bb locked=\u00a0\u00bboff\u00a0\u00bb global_colors_info=\u00a0\u00bb{}\u00a0\u00bb][et_pb_row column_structure=\u00a0\u00bb2_5,3_5&Prime; make_equal=\u00a0\u00bbon\u00a0\u00bb _builder_version=\u00a0\u00bb4.27.2&Prime; _module_preset=\u00a0\u00bbdefault\u00a0\u00bb animation_style=\u00a0\u00bbzoom\u00a0\u00bb animation_intensity_zoom=\u00a0\u00bb8%\u00a0\u00bb custom_css_main_element=\u00a0\u00bb   align-items: center;  \u00a0\u00bb global_colors_info=\u00a0\u00bb{}\u00a0\u00bb][et_pb_column type=\u00a0\u00bb2_5&Prime; _builder_version=\u00a0\u00bb4.27.2&Prime; _module_preset=\u00a0\u00bbdefault\u00a0\u00bb global_colors_info=\u00a0\u00bb{}\u00a0\u00bb][et_pb_image src=\u00a0\u00bbhttps:\/\/www.comet.com.tn\/wp-content\/uploads\/2025\/11\/ngr-3.webp\u00a0\u00bb title_text=\u00a0\u00bbimage (2)\u00a0\u00bb _builder_version=\u00a0\u00bb4.27.2&Prime; _module_preset=\u00a0\u00bbdefault\u00a0\u00bb border_radii=\u00a0\u00bboff||4px|4px|40px\u00a0\u00bb border_width_left=\u00a0\u00bb6px\u00a0\u00bb border_color_left=\u00a0\u00bb#EA5501&Prime; global_colors_info=\u00a0\u00bb{}\u00a0\u00bb][\/et_pb_image][\/et_pb_column][et_pb_column type=\u00a0\u00bb3_5&Prime; _builder_version=\u00a0\u00bb4.27.2&Prime; _module_preset=\u00a0\u00bbdefault\u00a0\u00bb global_colors_info=\u00a0\u00bb{}\u00a0\u00bb][et_pb_text _builder_version=\u00a0\u00bb4.27.2&Prime; _module_preset=\u00a0\u00bbdefault\u00a0\u00bb text_font=\u00a0\u00bbRoboto|300|||||||\u00a0\u00bb text_text_color=\u00a0\u00bb#000000&Prime; text_font_size=\u00a0\u00bb18px\u00a0\u00bb text_line_height=\u00a0\u00bb1.5em\u00a0\u00bb header_3_font=\u00a0\u00bbSpace Grotesk|600|||||||\u00a0\u00bb header_3_text_color=\u00a0\u00bb#000000&Prime; header_3_font_size=\u00a0\u00bb40px\u00a0\u00bb header_3_line_height=\u00a0\u00bb1.5em\u00a0\u00bb width=\u00a0\u00bb100%\u00a0\u00bb max_width=\u00a0\u00bb95%\u00a0\u00bb global_colors_info=\u00a0\u00bb{}\u00a0\u00bb]COMET TOGO est une filiale de COMET GROUP sp\u00e9cialis\u00e9e dans la distribution des semi-remorques et diff\u00e9rents \u00e9quipements sur porteur.<br \/>\nElle a \u00e9t\u00e9 cr\u00e9\u00e9e en 2021 dans le cadre du d\u00e9veloppement du r\u00e9seau commercial du groupe dans un objectif de se rapprocher aux clients l\u00e0 o\u00f9 qu\u2019ils soient.<br \/>\nNotre \u00e9quipe commerciale sera heureuse de vous accueillir dans nos locaux \u00e0 Lom\u00e9 o\u00f9 de se d\u00e9placer pour vous rencontrer sur site. Pour toute demande de rendez-vous n\u2019h\u00e9sitez pas \u00e0 nous les adresser en ligne et notre \u00e9quipe se chargera du reste dans les meilleurs d\u00e9lais.[\/et_pb_text][et_pb_text _builder_version=\u00a0\u00bb4.27.2&Prime; _module_preset=\u00a0\u00bbdefault\u00a0\u00bb text_font=\u00a0\u00bb&#8211;et_global_heading_font|500|||||||\u00a0\u00bb text_text_color=\u00a0\u00bb#000000&Prime; text_font_size=\u00a0\u00bb17px\u00a0\u00bb text_line_height=\u00a0\u00bb1.4em\u00a0\u00bb header_2_font=\u00a0\u00bb&#8211;et_global_heading_font|700|||||||\u00a0\u00bb header_2_font_size=\u00a0\u00bb20px\u00a0\u00bb width=\u00a0\u00bb93%\u00a0\u00bb global_colors_info=\u00a0\u00bb{}\u00a0\u00bb]<\/p>\n<h2>LES COORDONNEES COMET TOGO<\/h2>\n<p>Immeuble CORIS BANK Atikoum\u00e9<br \/><strong>T\u00e9l :<\/strong> <a href=\"tel:+228%2092 77 36 63\">+228 92 77 36 63<\/a><br \/><strong>Email :<\/strong> <a href=\"mailto:comet.togo@comet.com.tn\">comet.togo@comet.com.tn<\/a><\/p>\n<p>[\/et_pb_text][\/et_pb_column][\/et_pb_row][\/et_pb_section]<\/p>\n","protected":false},"excerpt":{"rendered":"<p>COMET Togo<div class=\"et_pb_module lwp_divi_breadcrumbs lwp_divi_breadcrumbs_0\">\n\t\t\t\t\n\t\t\t\t\n\t\t\t\t\n\t\t\t\t\n\t\t\t\t\n\t\t\t\t\n\t\t\t\t<div class=\"et_pb_module_inner\">\n\t\t\t\t\t<div class=\"lwp-breadcrumbs\"> <span class=\"before\"><\/span> <span vocab=\"https:\/\/schema.org\/\" typeof=\"BreadcrumbList\"><span property=\"itemListElement\" typeof=\"ListItem\"><a property=\"item\" typeof=\"WebPage\" href=\"https:\/\/comet.com.tn\/en\/\" class=\"home\"><span property=\"name\">Accueil<\/span><\/a><meta property=\"position\" content=\"1\"><\/span> <span class=\"separator et-pb-icon\">9<\/span> <\/span><\/div>\n\t\t\t\t<\/div>\n\t\t\t<\/div>COMET TOGO est une filiale de COMET GROUP sp\u00e9cialis\u00e9e dans la distribution des semi-remorques et diff\u00e9rents \u00e9quipements sur porteur. Elle a \u00e9t\u00e9 cr\u00e9\u00e9e en 2021 dans le cadre du d\u00e9veloppement du r\u00e9seau commercial du groupe dans un objectif [&hellip;]<\/p>\n","protected":false},"author":1,"featured_media":0,"parent":987508264,"menu_order":0,"comment_status":"closed","ping_status":"closed","template":"","meta":{"_et_pb_use_builder":"on","_et_pb_old_content":"","_et_gb_content_width":"","footnotes":""},"class_list":["post-987508514","page","type-page","status-publish","hentry"],"yoast_head":"<!-- This site is optimized with the Yoast SEO plugin v27.4 - https:\/\/yoast.com\/product\/yoast-seo-wordpress\/ -->\n<title>Semi-remorques au Togo : Benne, Plateau, Citerne, Porte engins et \u00e9quipements sur porteur | Togo<\/title>\n<meta name=\"description\" content=\"Semi-remorques au Togo : Semi-remorques Benne, Semi-remorques Plateau, Semi-remorques Citerne, Semi-remorques Porte engins et \u00e9quipements sur porteur\" \/>\n<meta name=\"robots\" content=\"index, follow, max-snippet:-1, max-image-preview:large, max-video-preview:-1\" \/>\n<link rel=\"canonical\" href=\"https:\/\/comet.com.tn\/en\/our-network\/comet-togo\/\" \/>\n<meta property=\"og:locale\" content=\"en_US\" \/>\n<meta property=\"og:type\" content=\"article\" \/>\n<meta property=\"og:title\" content=\"Semi-remorques au Togo : Benne, Plateau, Citerne, Porte engins et \u00e9quipements sur porteur | Togo\" \/>\n<meta property=\"og:description\" content=\"Semi-remorques au Togo : Semi-remorques Benne, Semi-remorques Plateau, Semi-remorques Citerne, Semi-remorques Porte engins et \u00e9quipements sur porteur\" \/>\n<meta property=\"og:url\" content=\"https:\/\/comet.com.tn\/en\/our-network\/comet-togo\/\" \/>\n<meta property=\"og:site_name\" content=\"comet\" \/>\n<meta property=\"article:modified_time\" content=\"2026-01-19T15:40:51+00:00\" \/>\n<meta name=\"twitter:card\" content=\"summary_large_image\" \/>\n<meta name=\"twitter:label1\" content=\"Est. reading time\" \/>\n\t<meta name=\"twitter:data1\" content=\"1 minute\" \/>\n<script type=\"application\/ld+json\" class=\"yoast-schema-graph\">{\"@context\":\"https:\\\/\\\/schema.org\",\"@graph\":[{\"@type\":\"WebPage\",\"@id\":\"https:\\\/\\\/comet.com.tn\\\/en\\\/notre-reseau\\\/comet-togo\\\/\",\"url\":\"https:\\\/\\\/comet.com.tn\\\/en\\\/notre-reseau\\\/comet-togo\\\/\",\"name\":\"Semi-remorques au Togo : Benne, Plateau, Citerne, Porte engins et \u00e9quipements sur porteur | Togo\",\"isPartOf\":{\"@id\":\"https:\\\/\\\/comet.com.tn\\\/en\\\/#website\"},\"datePublished\":\"2025-11-20T09:45:51+00:00\",\"dateModified\":\"2026-01-19T15:40:51+00:00\",\"description\":\"Semi-remorques au Togo : Semi-remorques Benne, Semi-remorques Plateau, Semi-remorques Citerne, Semi-remorques Porte engins et \u00e9quipements sur porteur\",\"breadcrumb\":{\"@id\":\"https:\\\/\\\/comet.com.tn\\\/en\\\/notre-reseau\\\/comet-togo\\\/#breadcrumb\"},\"inLanguage\":\"en-US\",\"potentialAction\":[{\"@type\":\"ReadAction\",\"target\":[\"https:\\\/\\\/comet.com.tn\\\/en\\\/notre-reseau\\\/comet-togo\\\/\"]}]},{\"@type\":\"BreadcrumbList\",\"@id\":\"https:\\\/\\\/comet.com.tn\\\/en\\\/notre-reseau\\\/comet-togo\\\/#breadcrumb\",\"itemListElement\":[{\"@type\":\"ListItem\",\"position\":1,\"name\":\"Accueil\",\"item\":\"https:\\\/\\\/comet.com.tn\\\/en\\\/\"},{\"@type\":\"ListItem\",\"position\":2,\"name\":\"COMET Togo\"}]},{\"@type\":\"WebSite\",\"@id\":\"https:\\\/\\\/comet.com.tn\\\/en\\\/#website\",\"url\":\"https:\\\/\\\/comet.com.tn\\\/en\\\/\",\"name\":\"comet\",\"description\":\"\",\"potentialAction\":[{\"@type\":\"SearchAction\",\"target\":{\"@type\":\"EntryPoint\",\"urlTemplate\":\"https:\\\/\\\/comet.com.tn\\\/en\\\/?s={search_term_string}\"},\"query-input\":{\"@type\":\"PropertyValueSpecification\",\"valueRequired\":true,\"valueName\":\"search_term_string\"}}],\"inLanguage\":\"en-US\"}]}<\/script>\n<!-- \/ Yoast SEO plugin. -->","yoast_head_json":{"title":"Semi-remorques au Togo : Benne, Plateau, Citerne, Porte engins et \u00e9quipements sur porteur | Togo","description":"Semi-remorques au Togo : Semi-remorques Benne, Semi-remorques Plateau, Semi-remorques Citerne, Semi-remorques Porte engins et \u00e9quipements sur porteur","robots":{"index":"index","follow":"follow","max-snippet":"max-snippet:-1","max-image-preview":"max-image-preview:large","max-video-preview":"max-video-preview:-1"},"canonical":"https:\/\/comet.com.tn\/en\/our-network\/comet-togo\/","og_locale":"en_US","og_type":"article","og_title":"Semi-remorques au Togo : Benne, Plateau, Citerne, Porte engins et \u00e9quipements sur porteur | Togo","og_description":"Semi-remorques au Togo : Semi-remorques Benne, Semi-remorques Plateau, Semi-remorques Citerne, Semi-remorques Porte engins et \u00e9quipements sur porteur","og_url":"https:\/\/comet.com.tn\/en\/our-network\/comet-togo\/","og_site_name":"comet","article_modified_time":"2026-01-19T15:40:51+00:00","twitter_card":"summary_large_image","twitter_misc":{"Est. reading time":"1 minute"},"schema":{"@context":"https:\/\/schema.org","@graph":[{"@type":"WebPage","@id":"https:\/\/comet.com.tn\/en\/notre-reseau\/comet-togo\/","url":"https:\/\/comet.com.tn\/en\/notre-reseau\/comet-togo\/","name":"Semi-remorques au Togo : Benne, Plateau, Citerne, Porte engins et \u00e9quipements sur porteur | Togo","isPartOf":{"@id":"https:\/\/comet.com.tn\/en\/#website"},"datePublished":"2025-11-20T09:45:51+00:00","dateModified":"2026-01-19T15:40:51+00:00","description":"Semi-remorques au Togo : Semi-remorques Benne, Semi-remorques Plateau, Semi-remorques Citerne, Semi-remorques Porte engins et \u00e9quipements sur porteur","breadcrumb":{"@id":"https:\/\/comet.com.tn\/en\/notre-reseau\/comet-togo\/#breadcrumb"},"inLanguage":"en-US","potentialAction":[{"@type":"ReadAction","target":["https:\/\/comet.com.tn\/en\/notre-reseau\/comet-togo\/"]}]},{"@type":"BreadcrumbList","@id":"https:\/\/comet.com.tn\/en\/notre-reseau\/comet-togo\/#breadcrumb","itemListElement":[{"@type":"ListItem","position":1,"name":"Accueil","item":"https:\/\/comet.com.tn\/en\/"},{"@type":"ListItem","position":2,"name":"COMET Togo"}]},{"@type":"WebSite","@id":"https:\/\/comet.com.tn\/en\/#website","url":"https:\/\/comet.com.tn\/en\/","name":"comet","description":"","potentialAction":[{"@type":"SearchAction","target":{"@type":"EntryPoint","urlTemplate":"https:\/\/comet.com.tn\/en\/?s={search_term_string}"},"query-input":{"@type":"PropertyValueSpecification","valueRequired":true,"valueName":"search_term_string"}}],"inLanguage":"en-US"}]}},"_links":{"self":[{"href":"https:\/\/comet.com.tn\/en\/wp-json\/wp\/v2\/pages\/987508514","targetHints":{"allow":["GET"]}}],"collection":[{"href":"https:\/\/comet.com.tn\/en\/wp-json\/wp\/v2\/pages"}],"about":[{"href":"https:\/\/comet.com.tn\/en\/wp-json\/wp\/v2\/types\/page"}],"author":[{"embeddable":true,"href":"https:\/\/comet.com.tn\/en\/wp-json\/wp\/v2\/users\/1"}],"replies":[{"embeddable":true,"href":"https:\/\/comet.com.tn\/en\/wp-json\/wp\/v2\/comments?post=987508514"}],"version-history":[{"count":5,"href":"https:\/\/comet.com.tn\/en\/wp-json\/wp\/v2\/pages\/987508514\/revisions"}],"predecessor-version":[{"id":987509481,"href":"https:\/\/comet.com.tn\/en\/wp-json\/wp\/v2\/pages\/987508514\/revisions\/987509481"}],"up":[{"embeddable":true,"href":"https:\/\/comet.com.tn\/en\/wp-json\/wp\/v2\/pages\/987508264"}],"wp:attachment":[{"href":"https:\/\/comet.com.tn\/en\/wp-json\/wp\/v2\/media?parent=987508514"}],"curies":[{"name":"wp","href":"https:\/\/api.w.org\/{rel}","templated":true}]}}